{"id":8860,"date":"2025-11-12T17:57:49","date_gmt":"2025-11-12T16:57:49","guid":{"rendered":"https:\/\/design.cnil.fr\/?page_id=8860"},"modified":"2025-11-12T17:57:49","modified_gmt":"2025-11-12T16:57:49","slug":"personal-data","status":"publish","type":"page","link":"https:\/\/design.cnil.fr\/en\/personal-data\/","title":{"rendered":"Personal data"},"content":{"rendered":"<div class=\"intro-bloc\">\n<div class=\"intro-bloc-content\">\n<p>The data processed as part of the management of the design.cnil.fr website enables:<\/p>\n<ul>\n<li>the preparation and publication of content;<\/li>\n<li>in conjunction with the relevant service providers, the technical administration and security management of the website, including event logging;<\/li>\n<li>the production of statistics on audience numbers and use of the online services offered by the CNIL.<\/li>\n<\/ul>\n<p>&gt; <a href=\"https:\/\/www.cnil.fr\/fr\/donnees-personnelles-gestion-des-sites-web-administres-par-la-cnil\"><em>\u00a0Learn more about the management of your data and your rights<\/em><\/a><\/p>\n<p>For any information or to exercise your rights regarding the processing of personal data managed by the CNIL, <strong>you can contact its Data Protection Officer<\/strong> (DPO):<\/p>\n<ul>\n<li>using this <a href=\"https:\/\/www.cnil.fr\/fr\/webform\/contactez-le-dpo-de-la-cnil\">form<\/a><\/li>\n<li>or by mail (with a copy of your ID if you are exercising your rights, unless the information provided in your request allows you to be identified with certainty) to the following address:<em><br \/>Commission Nationale de l\u2019Informatique et des Libert\u00e9s<br \/>A l\u2019attention du d\u00e9l\u00e9gu\u00e9 \u00e0 la protection des donn\u00e9es (DPO)<br \/>3 Place de Fontenoy<br \/>TSA 80715<br \/>75334 PARIS CEDEX 07<\/em>\u00a0<br \/><em>FRANCE<\/em><\/li>\n<\/ul>\n<\/div>\n<\/div>\n\n\n<p><\/p>\n\n\n\n<p><\/p>\n\n\n\n<p><\/p>\n\n\n\n<p><\/p>\n\n\n\n<p><\/p>\n\n\n\n<p><\/p>\n\n\n\n<p><\/p>\n\n\n\n<p><\/p>\n\n\n\n<p><\/p>\n","protected":false},"excerpt":{"rendered":"<p>The data processed as part of the management of the design.cnil.fr website enables: the preparation and publication of content; in conjunction with the relevant service providers, the technical administration and security management of the website, including event logging; the production of statistics on audience numbers and use of the online services offered by the CNIL. &hellip; <\/p>\n<p class=\"link-more\"><a href=\"https:\/\/design.cnil.fr\/en\/personal-data\/\" class=\"more-link\">Continue reading<span class=\"screen-reader-text\"> &#8220;Personal data&#8221;<\/span><\/a><\/p>\n","protected":false},"author":11,"featured_media":0,"parent":0,"menu_order":0,"comment_status":"closed","ping_status":"closed","template":"template-parts\/page-principles.php","meta":{"inline_featured_image":false,"footnotes":""},"class_list":["post-8860","page","type-page","status-publish","hentry","entry"],"_links":{"self":[{"href":"https:\/\/design.cnil.fr\/en\/wp-json\/wp\/v2\/pages\/8860","targetHints":{"allow":["GET"]}}],"collection":[{"href":"https:\/\/design.cnil.fr\/en\/wp-json\/wp\/v2\/pages"}],"about":[{"href":"https:\/\/design.cnil.fr\/en\/wp-json\/wp\/v2\/types\/page"}],"author":[{"embeddable":true,"href":"https:\/\/design.cnil.fr\/en\/wp-json\/wp\/v2\/users\/11"}],"replies":[{"embeddable":true,"href":"https:\/\/design.cnil.fr\/en\/wp-json\/wp\/v2\/comments?post=8860"}],"version-history":[{"count":1,"href":"https:\/\/design.cnil.fr\/en\/wp-json\/wp\/v2\/pages\/8860\/revisions"}],"predecessor-version":[{"id":8861,"href":"https:\/\/design.cnil.fr\/en\/wp-json\/wp\/v2\/pages\/8860\/revisions\/8861"}],"wp:attachment":[{"href":"https:\/\/design.cnil.fr\/en\/wp-json\/wp\/v2\/media?parent=8860"}],"curies":[{"name":"wp","href":"https:\/\/api.w.org\/{rel}","templated":true}]}}